{"id":5233,"date":"2023-08-14T13:50:31","date_gmt":"2023-08-14T13:50:31","guid":{"rendered":"https:\/\/www.sheetah.com\/projekte\/"},"modified":"2025-05-20T13:29:57","modified_gmt":"2025-05-20T13:29:57","slug":"projekte","status":"publish","type":"page","link":"https:\/\/www.sheetah.com\/de\/projekte\/","title":{"rendered":"Projekte"},"content":{"rendered":"\t\t<div data-elementor-type=\"wp-page\" data-elementor-id=\"5233\" class=\"elementor elementor-5233 elementor-814\" data-elementor-post-type=\"page\">\n\t\t\t\t\t\t\t<div data-dce-background-color=\"#000000\" data-dce-background-image-url=\"https:\/\/www.sheetah.com\/wp-content\/uploads\/2023\/08\/SHEETAH_REF_15-1-scaled.jpg\" class=\"elementor-element elementor-element-3a71362 e-con-full hero e-flex e-con\" data-id=\"3a71362\" data-element_type=\"container\" data-settings=\"{&quot;content_width&quot;:&quot;full&quot;,&quot;background_background&quot;:&quot;classic&quot;,&quot;background_motion_fx_scale_effect&quot;:&quot;yes&quot;,&quot;background_motion_fx_scale_direction&quot;:&quot;in-out-in&quot;,&quot;background_motion_fx_scale_speed&quot;:{&quot;unit&quot;:&quot;px&quot;,&quot;size&quot;:-10,&quot;sizes&quot;:[]},&quot;background_motion_fx_scale_range&quot;:{&quot;unit&quot;:&quot;%&quot;,&quot;size&quot;:&quot;&quot;,&quot;sizes&quot;:{&quot;start&quot;:16,&quot;end&quot;:100}},&quot;background_motion_fx_motion_fx_scrolling&quot;:&quot;yes&quot;,&quot;background_motion_fx_range&quot;:&quot;viewport&quot;,&quot;background_motion_fx_devices&quot;:[&quot;desktop&quot;,&quot;laptop&quot;,&quot;tablet_extra&quot;,&quot;tablet&quot;,&quot;mobile_extra&quot;,&quot;mobile&quot;]}\">\n\t\t<div class=\"elementor-element elementor-element-a8d51cb e-con-full container__xl e-flex elementor-invisible e-con\" data-id=\"a8d51cb\" data-element_type=\"container\" data-settings=\"{&quot;content_width&quot;:&quot;full&quot;,&quot;animation&quot;:&quot;fadeIn&quot;}\">\n\t\t<div class=\"elementor-element elementor-element-6bf145f e-con-full e-flex e-con\" data-id=\"6bf145f\" data-element_type=\"container\" data-settings=\"{&quot;content_width&quot;:&quot;full&quot;}\">\n\t\t\t\t<div class=\"elementor-element elementor-element-f93f9c7 animated-slow elementor-invisible elementor-widget elementor-widget-heading\" data-id=\"f93f9c7\" data-element_type=\"widget\" data-settings=\"{&quot;_animation&quot;:&quot;fadeInUp&quot;}\" data-widget_type=\"heading.default\">\n\t\t\t\t<div class=\"elementor-widget-container\">\n\t\t\t<style>\/*! elementor - v3.15.0 - 20-08-2023 *\/\n.elementor-heading-title{padding:0;margin:0;line-height:1}.elementor-widget-heading .elementor-heading-title[class*=elementor-size-]>a{color:inherit;font-size:inherit;line-height:inherit}.elementor-widget-heading .elementor-heading-title.elementor-size-small{font-size:15px}.elementor-widget-heading .elementor-heading-title.elementor-size-medium{font-size:19px}.elementor-widget-heading .elementor-heading-title.elementor-size-large{font-size:29px}.elementor-widget-heading .elementor-heading-title.elementor-size-xl{font-size:39px}.elementor-widget-heading .elementor-heading-title.elementor-size-xxl{font-size:59px}<\/style><h1 class=\"elementor-heading-title elementor-size-default\"><strong>Projekte<\/strong><\/h1>\t\t<\/div>\n\t\t\t\t<\/div>\n\t\t\t\t<\/div>\n\t\t\t\t<\/div>\n\t\t\t\t<\/div>\n\t\t<div class=\"elementor-element elementor-element-2f2be47 e-con-full e-flex e-con\" data-id=\"2f2be47\" data-element_type=\"container\" data-settings=\"{&quot;content_width&quot;:&quot;full&quot;,&quot;background_background&quot;:&quot;classic&quot;}\">\n\t\t<div class=\"elementor-element elementor-element-e29ca5d e-con-full container__xl e-flex elementor-invisible e-con\" data-id=\"e29ca5d\" data-element_type=\"container\" data-settings=\"{&quot;content_width&quot;:&quot;full&quot;,&quot;animation&quot;:&quot;fadeIn&quot;}\">\n\t\t\t\t<div class=\"elementor-element elementor-element-d1006d4 elementor-widget elementor-widget-text-editor\" data-id=\"d1006d4\" data-element_type=\"widget\" data-widget_type=\"text-editor.default\">\n\t\t\t\t<div class=\"elementor-widget-container\">\n\t\t\t<style>\/*! elementor - v3.15.0 - 20-08-2023 *\/\n.elementor-widget-text-editor.elementor-drop-cap-view-stacked .elementor-drop-cap{background-color:#69727d;color:#fff}.elementor-widget-text-editor.elementor-drop-cap-view-framed .elementor-drop-cap{color:#69727d;border:3px solid;background-color:transparent}.elementor-widget-text-editor:not(.elementor-drop-cap-view-default) .elementor-drop-cap{margin-top:8px}.elementor-widget-text-editor:not(.elementor-drop-cap-view-default) .elementor-drop-cap-letter{width:1em;height:1em}.elementor-widget-text-editor .elementor-drop-cap{float:left;text-align:center;line-height:1;font-size:50px}.elementor-widget-text-editor .elementor-drop-cap-letter{display:inline-block}<\/style>\t\t\t\t<p>Sie fragen sich, wie SHEETAH Ihnen helfen kann, Ihr Projekt zu verwirklichen? Die M\u00f6glichkeiten unseres Sortiments an Profile in<br \/>allen Farben und Gr\u00f6\u00dfen sind endlos. Hier einige unserer Projekte.<\/p>\n\t\t\t\t\t\t<\/div>\n\t\t\t\t<\/div>\n\t\t<div class=\"elementor-element elementor-element-0f05778 e-con-full e-flex e-con\" data-id=\"0f05778\" data-element_type=\"container\" data-settings=\"{&quot;content_width&quot;:&quot;full&quot;}\">\n\t\t\t\t<\/div>\n\t\t\t\t<\/div>\n\t\t<div class=\"elementor-element elementor-element-0ce4bf8 e-con-full container__xl e-flex elementor-invisible e-con\" data-id=\"0ce4bf8\" data-element_type=\"container\" data-settings=\"{&quot;content_width&quot;:&quot;full&quot;,&quot;animation&quot;:&quot;fadeIn&quot;}\">\n\t\t\t\t<div class=\"elementor-element elementor-element-3e28111 elementor-grid-2 elementor-grid-tablet-2 elementor-grid-mobile-1 elementor-widget elementor-widget-loop-grid\" data-id=\"3e28111\" data-element_type=\"widget\" data-settings=\"{&quot;template_id&quot;:832,&quot;columns&quot;:2,&quot;row_gap&quot;:{&quot;unit&quot;:&quot;px&quot;,&quot;size&quot;:100,&quot;sizes&quot;:[]},&quot;_skin&quot;:&quot;post&quot;,&quot;columns_tablet&quot;:&quot;2&quot;,&quot;columns_mobile&quot;:&quot;1&quot;,&quot;edit_handle_selector&quot;:&quot;[data-elementor-type=\\&quot;loop-item\\&quot;]&quot;,&quot;row_gap_laptop&quot;:{&quot;unit&quot;:&quot;px&quot;,&quot;size&quot;:&quot;&quot;,&quot;sizes&quot;:[]},&quot;row_gap_tablet_extra&quot;:{&quot;unit&quot;:&quot;px&quot;,&quot;size&quot;:&quot;&quot;,&quot;sizes&quot;:[]},&quot;row_gap_tablet&quot;:{&quot;unit&quot;:&quot;px&quot;,&quot;size&quot;:&quot;&quot;,&quot;sizes&quot;:[]},&quot;row_gap_mobile_extra&quot;:{&quot;unit&quot;:&quot;px&quot;,&quot;size&quot;:&quot;&quot;,&quot;sizes&quot;:[]},&quot;row_gap_mobile&quot;:{&quot;unit&quot;:&quot;px&quot;,&quot;size&quot;:&quot;&quot;,&quot;sizes&quot;:[]}}\" data-widget_type=\"loop-grid.post\">\n\t\t\t\t<div class=\"elementor-widget-container\">\n\t\t\t<link rel=\"stylesheet\" href=\"https:\/\/www.sheetah.com\/wp-content\/plugins\/elementor-pro\/assets\/css\/widget-loop-builder.min.css\">\t\t<div class=\"elementor-loop-container elementor-grid\">\n\t\t<style id=\"loop-dynamic-832\">.e-loop-item-5697 .elementor-element.elementor-element-22a83e1:not(.elementor-motion-effects-element-type-background), .e-loop-item-5697 .elementor-element.elementor-element-22a83e1 > .elementor-motion-effects-container > .elementor-motion-effects-layer{background-image:url(\"https:\/\/www.sheetah.com\/wp-content\/uploads\/2025\/05\/Aveve_Sheetah_ref_18-2-scaled.jpg\");}<\/style><style id=\"loop-832\">.elementor-832 .elementor-element.elementor-element-22a83e1{--display:flex;--min-height:400px;--gap:0px;--background-transition:0.3s;--overlay-opacity:0.19;--padding-top:30px;--padding-right:30px;--padding-bottom:30px;--padding-left:30px;}.elementor-832 .elementor-element.elementor-element-22a83e1:not(.elementor-motion-effects-element-type-background), .elementor-832 .elementor-element.elementor-element-22a83e1 > .elementor-motion-effects-container > .elementor-motion-effects-layer{background-position:center center;background-repeat:no-repeat;background-size:cover;}.elementor-832 .elementor-element.elementor-element-22a83e1::before, .elementor-832 .elementor-element.elementor-element-22a83e1 > .elementor-background-video-container::before, .elementor-832 .elementor-element.elementor-element-22a83e1 > .e-con-inner > .elementor-background-video-container::before, .elementor-832 .elementor-element.elementor-element-22a83e1 > .elementor-background-slideshow::before, .elementor-832 .elementor-element.elementor-element-22a83e1 > .e-con-inner > .elementor-background-slideshow::before, .elementor-832 .elementor-element.elementor-element-22a83e1 > .elementor-motion-effects-container > .elementor-motion-effects-layer::before{--background-overlay:'';background-color:transparent;background-image:linear-gradient(180deg, #000000 0%, #000000 100%);}.elementor-832 .elementor-element.elementor-element-22a83e1, .elementor-832 .elementor-element.elementor-element-22a83e1::before{--border-transition:0.3s;}.elementor-832 .elementor-element.elementor-element-cb07b56{color:#FFFFFF;font-family:\"loos-wide\", Sans-serif;font-size:16px;font-weight:400;text-transform:uppercase;}.elementor-832 .elementor-element.elementor-element-d6face1 .elementor-heading-title{color:#FFFFFF;font-family:\"loos-wide\", Sans-serif;font-size:32px;font-weight:700;text-transform:uppercase;}@media(min-width:768px){.elementor-832 .elementor-element.elementor-element-22a83e1{--width:600px;}}<\/style>\t\t<div data-elementor-type=\"loop-item\" data-elementor-id=\"832\" class=\"elementor elementor-832 e-loop-item e-loop-item-5697 post-5697 realisaties type-realisaties status-publish has-post-thumbnail hentry\" data-elementor-post-type=\"elementor_library\" data-custom-edit-handle=\"1\">\n\t\t\t\t\t\t<a data-dce-background-overlay-color=\"#000000\" data-dce-background-image-url=\"https:\/\/www.sheetah.com\/wp-content\/uploads\/2025\/05\/Aveve_Sheetah_ref_18-2-scaled.jpg\" class=\"elementor-element elementor-element-22a83e1 e-con-full realisatie__item e-flex e-con\" data-id=\"22a83e1\" data-element_type=\"container\" data-settings=\"{&quot;content_width&quot;:&quot;full&quot;,&quot;background_background&quot;:&quot;classic&quot;}\" href=\"https:\/\/www.sheetah.com\/de\/realisaties\/aveve\/\">\n\t\t\t\t<div class=\"elementor-element elementor-element-cb07b56 elementor-widget elementor-widget-text-editor\" data-id=\"cb07b56\" data-element_type=\"widget\" data-widget_type=\"text-editor.default\">\n\t\t\t\t<div class=\"elementor-widget-container\">\n\t\t\t\t\t\t\tHandzame\t\t\t\t\t\t<\/div>\n\t\t\t\t<\/div>\n\t\t\t\t<div class=\"elementor-element elementor-element-d6face1 elementor-widget elementor-widget-theme-post-title elementor-page-title elementor-widget-heading\" data-id=\"d6face1\" data-element_type=\"widget\" data-widget_type=\"theme-post-title.default\">\n\t\t\t\t<div class=\"elementor-widget-container\">\n\t\t\t<h3 class=\"elementor-heading-title elementor-size-default\">Aveve<\/h3>\t\t<\/div>\n\t\t\t\t<\/div>\n\t\t\t\t<\/a>\n\t\t\t\t\t\t<\/div>\n\t\t<style id=\"loop-dynamic-832\">.e-loop-item-5270 .elementor-element.elementor-element-22a83e1:not(.elementor-motion-effects-element-type-background), .e-loop-item-5270 .elementor-element.elementor-element-22a83e1 > .elementor-motion-effects-container > .elementor-motion-effects-layer{background-image:url(\"https:\/\/www.sheetah.com\/wp-content\/uploads\/2025\/04\/Sheetah_aug24_BA_23-1-scaled.jpg\");}<\/style>\t\t<div data-elementor-type=\"loop-item\" data-elementor-id=\"832\" class=\"elementor elementor-832 e-loop-item e-loop-item-5270 post-5270 realisaties type-realisaties status-publish has-post-thumbnail hentry\" data-elementor-post-type=\"elementor_library\" data-custom-edit-handle=\"1\">\n\t\t\t\t\t\t<a data-dce-background-overlay-color=\"#000000\" data-dce-background-image-url=\"https:\/\/www.sheetah.com\/wp-content\/uploads\/2025\/04\/Sheetah_aug24_BA_23-1-scaled.jpg\" class=\"elementor-element elementor-element-22a83e1 e-con-full realisatie__item e-flex e-con\" data-id=\"22a83e1\" data-element_type=\"container\" data-settings=\"{&quot;content_width&quot;:&quot;full&quot;,&quot;background_background&quot;:&quot;classic&quot;}\" href=\"https:\/\/www.sheetah.com\/de\/realisaties\/baeckerei\/\">\n\t\t\t\t<div class=\"elementor-element elementor-element-cb07b56 elementor-widget elementor-widget-text-editor\" data-id=\"cb07b56\" data-element_type=\"widget\" data-widget_type=\"text-editor.default\">\n\t\t\t\t<div class=\"elementor-widget-container\">\n\t\t\t\t\t\t\tKortemark\t\t\t\t\t\t<\/div>\n\t\t\t\t<\/div>\n\t\t\t\t<div class=\"elementor-element elementor-element-d6face1 elementor-widget elementor-widget-theme-post-title elementor-page-title elementor-widget-heading\" data-id=\"d6face1\" data-element_type=\"widget\" data-widget_type=\"theme-post-title.default\">\n\t\t\t\t<div class=\"elementor-widget-container\">\n\t\t\t<h3 class=\"elementor-heading-title elementor-size-default\">B\u00e4ckerei<\/h3>\t\t<\/div>\n\t\t\t\t<\/div>\n\t\t\t\t<\/a>\n\t\t\t\t\t\t<\/div>\n\t\t<style id=\"loop-dynamic-832\">.e-loop-item-5246 .elementor-element.elementor-element-22a83e1:not(.elementor-motion-effects-element-type-background), .e-loop-item-5246 .elementor-element.elementor-element-22a83e1 > .elementor-motion-effects-container > .elementor-motion-effects-layer{background-image:url(\"https:\/\/www.sheetah.com\/wp-content\/uploads\/2023\/08\/SHEETAH_REF_08.jpg\");}<\/style>\t\t<div data-elementor-type=\"loop-item\" data-elementor-id=\"832\" class=\"elementor elementor-832 e-loop-item e-loop-item-5246 post-5246 realisaties type-realisaties status-publish has-post-thumbnail hentry\" data-elementor-post-type=\"elementor_library\" data-custom-edit-handle=\"1\">\n\t\t\t\t\t\t<a data-dce-background-overlay-color=\"#000000\" data-dce-background-image-url=\"https:\/\/www.sheetah.com\/wp-content\/uploads\/2023\/08\/SHEETAH_REF_08.jpg\" class=\"elementor-element elementor-element-22a83e1 e-con-full realisatie__item e-flex e-con\" data-id=\"22a83e1\" data-element_type=\"container\" data-settings=\"{&quot;content_width&quot;:&quot;full&quot;,&quot;background_background&quot;:&quot;classic&quot;}\" href=\"https:\/\/www.sheetah.com\/de\/realisaties\/de-bruycker\/\">\n\t\t\t\t<div class=\"elementor-element elementor-element-cb07b56 elementor-widget elementor-widget-text-editor\" data-id=\"cb07b56\" data-element_type=\"widget\" data-widget_type=\"text-editor.default\">\n\t\t\t\t<div class=\"elementor-widget-container\">\n\t\t\t\t\t\t\tLa Glanerie\t\t\t\t\t\t<\/div>\n\t\t\t\t<\/div>\n\t\t\t\t<div class=\"elementor-element elementor-element-d6face1 elementor-widget elementor-widget-theme-post-title elementor-page-title elementor-widget-heading\" data-id=\"d6face1\" data-element_type=\"widget\" data-widget_type=\"theme-post-title.default\">\n\t\t\t\t<div class=\"elementor-widget-container\">\n\t\t\t<h3 class=\"elementor-heading-title elementor-size-default\">De Bruycker<\/h3>\t\t<\/div>\n\t\t\t\t<\/div>\n\t\t\t\t<\/a>\n\t\t\t\t\t\t<\/div>\n\t\t<style id=\"loop-dynamic-832\">.e-loop-item-5704 .elementor-element.elementor-element-22a83e1:not(.elementor-motion-effects-element-type-background), .e-loop-item-5704 .elementor-element.elementor-element-22a83e1 > .elementor-motion-effects-container > .elementor-motion-effects-layer{background-image:url(\"https:\/\/www.sheetah.com\/wp-content\/uploads\/2025\/04\/Decaesstecker_Sheetah_ref_16.jpg\");}<\/style>\t\t<div data-elementor-type=\"loop-item\" data-elementor-id=\"832\" class=\"elementor elementor-832 e-loop-item e-loop-item-5704 post-5704 realisaties type-realisaties status-publish has-post-thumbnail hentry\" data-elementor-post-type=\"elementor_library\" data-custom-edit-handle=\"1\">\n\t\t\t\t\t\t<a data-dce-background-overlay-color=\"#000000\" data-dce-background-image-url=\"https:\/\/www.sheetah.com\/wp-content\/uploads\/2025\/04\/Decaesstecker_Sheetah_ref_16.jpg\" class=\"elementor-element elementor-element-22a83e1 e-con-full realisatie__item e-flex e-con\" data-id=\"22a83e1\" data-element_type=\"container\" data-settings=\"{&quot;content_width&quot;:&quot;full&quot;,&quot;background_background&quot;:&quot;classic&quot;}\" href=\"https:\/\/www.sheetah.com\/de\/realisaties\/decaesstecker\/\">\n\t\t\t\t<div class=\"elementor-element elementor-element-cb07b56 elementor-widget elementor-widget-text-editor\" data-id=\"cb07b56\" data-element_type=\"widget\" data-widget_type=\"text-editor.default\">\n\t\t\t\t<div class=\"elementor-widget-container\">\n\t\t\t\t\t\t\tBr\u00fcgge\t\t\t\t\t\t<\/div>\n\t\t\t\t<\/div>\n\t\t\t\t<div class=\"elementor-element elementor-element-d6face1 elementor-widget elementor-widget-theme-post-title elementor-page-title elementor-widget-heading\" data-id=\"d6face1\" data-element_type=\"widget\" data-widget_type=\"theme-post-title.default\">\n\t\t\t\t<div class=\"elementor-widget-container\">\n\t\t\t<h3 class=\"elementor-heading-title elementor-size-default\">Decaesstecker<\/h3>\t\t<\/div>\n\t\t\t\t<\/div>\n\t\t\t\t<\/a>\n\t\t\t\t\t\t<\/div>\n\t\t<style id=\"loop-dynamic-832\">.e-loop-item-5675 .elementor-element.elementor-element-22a83e1:not(.elementor-motion-effects-element-type-background), .e-loop-item-5675 .elementor-element.elementor-element-22a83e1 > .elementor-motion-effects-container > .elementor-motion-effects-layer{background-image:url(\"https:\/\/www.sheetah.com\/wp-content\/uploads\/2025\/05\/FORTUIJN-Hoornaar_SOLAR-Sheetah-3.jpg\");}<\/style>\t\t<div data-elementor-type=\"loop-item\" data-elementor-id=\"832\" class=\"elementor elementor-832 e-loop-item e-loop-item-5675 post-5675 realisaties type-realisaties status-publish has-post-thumbnail hentry\" data-elementor-post-type=\"elementor_library\" data-custom-edit-handle=\"1\">\n\t\t\t\t\t\t<a data-dce-background-overlay-color=\"#000000\" data-dce-background-image-url=\"https:\/\/www.sheetah.com\/wp-content\/uploads\/2025\/05\/FORTUIJN-Hoornaar_SOLAR-Sheetah-3.jpg\" class=\"elementor-element elementor-element-22a83e1 e-con-full realisatie__item e-flex e-con\" data-id=\"22a83e1\" data-element_type=\"container\" data-settings=\"{&quot;content_width&quot;:&quot;full&quot;,&quot;background_background&quot;:&quot;classic&quot;}\" href=\"https:\/\/www.sheetah.com\/de\/realisaties\/fortuijn\/\">\n\t\t\t\t<div class=\"elementor-element elementor-element-cb07b56 elementor-widget elementor-widget-text-editor\" data-id=\"cb07b56\" data-element_type=\"widget\" data-widget_type=\"text-editor.default\">\n\t\t\t\t<div class=\"elementor-widget-container\">\n\t\t\t\t\t\t\tHoornaar\t\t\t\t\t\t<\/div>\n\t\t\t\t<\/div>\n\t\t\t\t<div class=\"elementor-element elementor-element-d6face1 elementor-widget elementor-widget-theme-post-title elementor-page-title elementor-widget-heading\" data-id=\"d6face1\" data-element_type=\"widget\" data-widget_type=\"theme-post-title.default\">\n\t\t\t\t<div class=\"elementor-widget-container\">\n\t\t\t<h3 class=\"elementor-heading-title elementor-size-default\">Fortuijn<\/h3>\t\t<\/div>\n\t\t\t\t<\/div>\n\t\t\t\t<\/a>\n\t\t\t\t\t\t<\/div>\n\t\t<style id=\"loop-dynamic-832\">.e-loop-item-5688 .elementor-element.elementor-element-22a83e1:not(.elementor-motion-effects-element-type-background), .e-loop-item-5688 .elementor-element.elementor-element-22a83e1 > .elementor-motion-effects-container > .elementor-motion-effects-layer{background-image:url(\"https:\/\/www.sheetah.com\/wp-content\/uploads\/2025\/05\/Juul-Martens-Koewacht_Sheetah-klikfels-6.jpg\");}<\/style>\t\t<div data-elementor-type=\"loop-item\" data-elementor-id=\"832\" class=\"elementor elementor-832 e-loop-item e-loop-item-5688 post-5688 realisaties type-realisaties status-publish has-post-thumbnail hentry\" data-elementor-post-type=\"elementor_library\" data-custom-edit-handle=\"1\">\n\t\t\t\t\t\t<a data-dce-background-overlay-color=\"#000000\" data-dce-background-image-url=\"https:\/\/www.sheetah.com\/wp-content\/uploads\/2025\/05\/Juul-Martens-Koewacht_Sheetah-klikfels-6.jpg\" class=\"elementor-element elementor-element-22a83e1 e-con-full realisatie__item e-flex e-con\" data-id=\"22a83e1\" data-element_type=\"container\" data-settings=\"{&quot;content_width&quot;:&quot;full&quot;,&quot;background_background&quot;:&quot;classic&quot;}\" href=\"https:\/\/www.sheetah.com\/de\/realisaties\/martens\/\">\n\t\t\t\t<div class=\"elementor-element elementor-element-cb07b56 elementor-widget elementor-widget-text-editor\" data-id=\"cb07b56\" data-element_type=\"widget\" data-widget_type=\"text-editor.default\">\n\t\t\t\t<div class=\"elementor-widget-container\">\n\t\t\t\t\t\t\tKoewacht\t\t\t\t\t\t<\/div>\n\t\t\t\t<\/div>\n\t\t\t\t<div class=\"elementor-element elementor-element-d6face1 elementor-widget elementor-widget-theme-post-title elementor-page-title elementor-widget-heading\" data-id=\"d6face1\" data-element_type=\"widget\" data-widget_type=\"theme-post-title.default\">\n\t\t\t\t<div class=\"elementor-widget-container\">\n\t\t\t<h3 class=\"elementor-heading-title elementor-size-default\">Martens<\/h3>\t\t<\/div>\n\t\t\t\t<\/div>\n\t\t\t\t<\/a>\n\t\t\t\t\t\t<\/div>\n\t\t\t\t<\/div>\n\t\t\n\t\t\t\t<\/div>\n\t\t\t\t<\/div>\n\t\t\t\t<\/div>\n\t\t\t\t<\/div>\n\t\t\t\t\t\t\t<\/div>\n\t\t","protected":false},"excerpt":{"rendered":"<p>Projekte Sie fragen sich, wie SHEETAH Ihnen helfen kann, Ihr Projekt zu verwirklichen? Die M\u00f6glichkeiten unseres Sortiments an Profile inallen Farben und Gr\u00f6\u00dfen sind endlos. Hier einige unserer Projekte.<\/p>\n","protected":false},"author":1,"featured_media":0,"parent":0,"menu_order":0,"comment_status":"closed","ping_status":"closed","template":"elementor_header_footer","meta":{"footnotes":""},"class_list":["post-5233","page","type-page","status-publish","hentry"],"acf":[],"_links":{"self":[{"href":"https:\/\/www.sheetah.com\/de\/wp-json\/wp\/v2\/pages\/5233","targetHints":{"allow":["GET"]}}],"collection":[{"href":"https:\/\/www.sheetah.com\/de\/wp-json\/wp\/v2\/pages"}],"about":[{"href":"https:\/\/www.sheetah.com\/de\/wp-json\/wp\/v2\/types\/page"}],"author":[{"embeddable":true,"href":"https:\/\/www.sheetah.com\/de\/wp-json\/wp\/v2\/users\/1"}],"replies":[{"embeddable":true,"href":"https:\/\/www.sheetah.com\/de\/wp-json\/wp\/v2\/comments?post=5233"}],"version-history":[{"count":9,"href":"https:\/\/www.sheetah.com\/de\/wp-json\/wp\/v2\/pages\/5233\/revisions"}],"predecessor-version":[{"id":5747,"href":"https:\/\/www.sheetah.com\/de\/wp-json\/wp\/v2\/pages\/5233\/revisions\/5747"}],"wp:attachment":[{"href":"https:\/\/www.sheetah.com\/de\/wp-json\/wp\/v2\/media?parent=5233"}],"curies":[{"name":"wp","href":"https:\/\/api.w.org\/{rel}","templated":true}]}}